{"id":6760,"date":"2025-07-07T09:33:39","date_gmt":"2025-07-07T12:33:39","guid":{"rendered":"https:\/\/latam-academy.com\/tienda\/?post_type=product&#038;p=6760"},"modified":"2026-04-09T16:22:42","modified_gmt":"2026-04-09T19:22:42","slug":"gobiernodedatos","status":"publish","type":"product","link":"https:\/\/latam-academy.com\/tienda\/product\/gobiernodedatos\/","title":{"rendered":"Fundamentos de Gobernanza en Datos"},"content":{"rendered":"","protected":false},"excerpt":{"rendered":"<p><b>Curso: Fundamentos de Gobernanza de Datos<\/b><b><br \/>\n<\/b><b>Modalidad:<\/b><span style=\"font-weight: 400;\"> Online, asincr\u00f3nico<\/span><span style=\"font-weight: 400;\"><br \/>\n<\/span><b>Duraci\u00f3n:<\/b><span style=\"font-weight: 400;\"> 60 horas<\/span><span style=\"font-weight: 400;\"><br \/>\n<\/span><b>Estructura:<\/b><span style=\"font-weight: 400;\"> 6 m\u00f3dulos<\/span><\/p>\n<p><span style=\"font-weight: 400;\">Este curso entrega las bases te\u00f3ricas y pr\u00e1cticas necesarias para aplicar un modelo de gobernanza de datos en organizaciones p\u00fablicas o privadas. A partir de marcos reconocidos internacionalmente como <\/span><b>COBIT, DAMA-DMBOK<\/b><span style=\"font-weight: 400;\"> y <\/span><b>DCAM<\/b><span style=\"font-weight: 400;\">, se abordan herramientas que permiten mejorar la gesti\u00f3n de los datos, asegurar su calidad y fomentar el cumplimiento normativo.<\/span><\/p>\n<p><b>Dirigido a:<\/b><b><br \/>\n<\/b><span style=\"font-weight: 400;\">L\u00edderes de datos, responsables de cumplimiento, analistas, profesionales de TI y cualquier persona interesada en aplicar buenas pr\u00e1cticas de gobernanza de datos en su entorno laboral.<\/span><\/p>\n<p><span style=\"font-weight: 400;\">Al finalizar el curso, los participantes ser\u00e1n capaces de:<\/span><\/p>\n<ul>\n<li style=\"font-weight: 400;\" aria-level=\"1\"><span style=\"font-weight: 400;\">Comprender el impacto organizacional de una adecuada gesti\u00f3n de datos.<\/span><\/li>\n<li style=\"font-weight: 400;\" aria-level=\"1\"><span style=\"font-weight: 400;\">Aplicar modelos y marcos de gobernanza reconocidos a nivel internacional.<\/span><\/li>\n<li style=\"font-weight: 400;\" aria-level=\"1\"><span style=\"font-weight: 400;\">Contribuir a una cultura organizacional alineada con las normativas vigentes.<\/span><\/li>\n<\/ul>\n<p><b>Contenidos del curso:<\/b><\/p>\n<p><b>M\u00f3dulo 1: Introducci\u00f3n al Gobierno de Datos<\/b><b><br \/>\n<\/b><span style=\"font-weight: 400;\">Principios fundamentales para gestionar los datos de forma eficiente, segura y alineada a los objetivos organizacionales.<\/span><\/p>\n<p><b>M\u00f3dulo 2: Modelos y Marcos de Gobernanza de Datos<\/b><b><br \/>\n<\/b><span style=\"font-weight: 400;\">Exploraci\u00f3n de distintos modelos y marcos (COBIT, DAMA-DMBOK, DCAM) que permiten estructurar la gobernanza de datos.<\/span><\/p>\n<p><b>M\u00f3dulo 3: Implementaci\u00f3n del Gobierno de Datos<\/b><b><br \/>\n<\/b><span style=\"font-weight: 400;\">Estrategias, roles y etapas para poner en marcha un programa de gobierno de datos dentro de una organizaci\u00f3n.<\/span><\/p>\n<p><b>M\u00f3dulo 4: Seguridad, Cumplimiento y Gesti\u00f3n de Riesgos en Datos<\/b><b><br \/>\n<\/b><span style=\"font-weight: 400;\">An\u00e1lisis del rol de la seguridad de la informaci\u00f3n, el cumplimiento regulatorio y la gesti\u00f3n de riesgos en una estrategia integral de gobernanza de datos.<\/span><\/p>\n<p><b>M\u00f3dulo 5: Evaluaci\u00f3n de Madurez y Mejora Continua en Gobernanza de Datos<\/b><b><br \/>\n<\/b><span style=\"font-weight: 400;\">Modelos de evaluaci\u00f3n de madurez organizacional y herramientas para impulsar procesos de mejora continua.<\/span><\/p>\n<p><b>M\u00f3dulo 6: Relaci\u00f3n entre los Modelos de Gobernanza y la Ley N\u00b0 21.719<\/b><b><br \/>\n<\/b><span style=\"font-weight: 400;\">Vinculaci\u00f3n entre la gobernanza de datos y el cumplimiento de la legislaci\u00f3n chilena sobre protecci\u00f3n de datos personales.<\/span><\/p>\n<p data-start=\"216\" data-end=\"272\">\n","protected":false},"featured_media":6993,"comment_status":"open","ping_status":"closed","template":"","meta":{"content-type":""},"product_brand":[],"product_cat":[116],"product_tag":[150],"class_list":{"0":"post-6760","1":"product","2":"type-product","3":"status-publish","4":"has-post-thumbnail","6":"product_cat-e-learning","7":"product_tag-office-365","9":"first","10":"instock","11":"downloadable","12":"virtual","13":"sold-individually","14":"purchasable","15":"product-type-simple"},"_links":{"self":[{"href":"https:\/\/latam-academy.com\/tienda\/wp-json\/wp\/v2\/product\/6760","targetHints":{"allow":["GET"]}}],"collection":[{"href":"https:\/\/latam-academy.com\/tienda\/wp-json\/wp\/v2\/product"}],"about":[{"href":"https:\/\/latam-academy.com\/tienda\/wp-json\/wp\/v2\/types\/product"}],"replies":[{"embeddable":true,"href":"https:\/\/latam-academy.com\/tienda\/wp-json\/wp\/v2\/comments?post=6760"}],"version-history":[{"count":8,"href":"https:\/\/latam-academy.com\/tienda\/wp-json\/wp\/v2\/product\/6760\/revisions"}],"predecessor-version":[{"id":7344,"href":"https:\/\/latam-academy.com\/tienda\/wp-json\/wp\/v2\/product\/6760\/revisions\/7344"}],"wp:featuredmedia":[{"embeddable":true,"href":"https:\/\/latam-academy.com\/tienda\/wp-json\/wp\/v2\/media\/6993"}],"wp:attachment":[{"href":"https:\/\/latam-academy.com\/tienda\/wp-json\/wp\/v2\/media?parent=6760"}],"wp:term":[{"taxonomy":"product_brand","embeddable":true,"href":"https:\/\/latam-academy.com\/tienda\/wp-json\/wp\/v2\/product_brand?post=6760"},{"taxonomy":"product_cat","embeddable":true,"href":"https:\/\/latam-academy.com\/tienda\/wp-json\/wp\/v2\/product_cat?post=6760"},{"taxonomy":"product_tag","embeddable":true,"href":"https:\/\/latam-academy.com\/tienda\/wp-json\/wp\/v2\/product_tag?post=6760"}],"curies":[{"name":"wp","href":"https:\/\/api.w.org\/{rel}","templated":true}]}}