{"id":6568,"date":"2021-03-23T17:36:33","date_gmt":"2021-03-23T20:36:33","guid":{"rendered":"https:\/\/latam-academy.com\/tienda\/?post_type=product&#038;p=6568"},"modified":"2025-09-01T15:38:20","modified_gmt":"2025-09-01T18:38:20","slug":"office365","status":"publish","type":"product","link":"https:\/\/latam-academy.com\/tienda\/product\/office365\/","title":{"rendered":"Manejo de Office 365"},"content":{"rendered":"<p dir=\"ltr\" style=\"text-align:left;\"><img loading=\"lazy\" decoding=\"async\" src=\"https:\/\/latam-academy.com\/campus\/webservice\/pluginfile.php\/1940\/course\/summary\/0\/fhbrbhr.png\" alt=\"\" width=\"1200\" height=\"619\" class=\"img-fluid atto_image_button_text-bottom\" \/><\/p>\n","protected":false},"excerpt":{"rendered":"<p>Office 365 nivel usuario: Office 365 es una suite de productos de Microsoft tanto para la oficina como para el hogar, que proporciona las herramientas de office normal, pero con disponibilidad total desde cualquier dispositivo conectado a Internet.<\/p>\n<p>Adem\u00e1s cuenta con aplicaciones para compartir y almacenar archivos, mensajer\u00eda instant\u00e1nea y publicar contenidos en un ambiente empresarial.<\/p>\n<p>Office 365 es el paquete de ofim\u00e1tica de Microsoft. A los programas instalados (Word, Excel, PowerPoint, etc.), se a\u00f1aden aplicaciones adicionales que permiten trabajar con los documentos desde cualquier dispositivo con acceso a Internet, en cualquier sitio.<\/p>\n<p>La capacidad de centralizar los recursos en Internet ha promovido esta\u00a0evoluci\u00f3n de la ofim\u00e1tica, que ya no tiene la necesidad de permanecer anclada a los equipos.<\/p>\n<p>De esta forma, los documentos se crean, se editan y se comparten entre usuarios remotos, pero conectados. Trabajo en equipo sin restricciones.<\/p>\n<p>Se a\u00f1aden herramientas espec\u00edficas para gestionar los documentos en la nube, como OneDrive. Y se a\u00f1aden funcionalidades adicionales, como Flow, que automatiza tareas; o como Sway, creando presentaciones din\u00e1micas.<\/p>\n","protected":false},"featured_media":6600,"comment_status":"open","ping_status":"closed","template":"","meta":{"content-type":""},"product_brand":[],"product_cat":[15],"product_tag":[150],"class_list":{"0":"post-6568","1":"product","2":"type-product","3":"status-publish","4":"has-post-thumbnail","6":"product_cat-uncategorized","7":"product_tag-office-365","9":"first","10":"instock","11":"sale","12":"virtual","13":"sold-individually","14":"purchasable","15":"product-type-simple"},"_links":{"self":[{"href":"https:\/\/latam-academy.com\/tienda\/wp-json\/wp\/v2\/product\/6568","targetHints":{"allow":["GET"]}}],"collection":[{"href":"https:\/\/latam-academy.com\/tienda\/wp-json\/wp\/v2\/product"}],"about":[{"href":"https:\/\/latam-academy.com\/tienda\/wp-json\/wp\/v2\/types\/product"}],"replies":[{"embeddable":true,"href":"https:\/\/latam-academy.com\/tienda\/wp-json\/wp\/v2\/comments?post=6568"}],"version-history":[{"count":7,"href":"https:\/\/latam-academy.com\/tienda\/wp-json\/wp\/v2\/product\/6568\/revisions"}],"predecessor-version":[{"id":6833,"href":"https:\/\/latam-academy.com\/tienda\/wp-json\/wp\/v2\/product\/6568\/revisions\/6833"}],"wp:featuredmedia":[{"embeddable":true,"href":"https:\/\/latam-academy.com\/tienda\/wp-json\/wp\/v2\/media\/6600"}],"wp:attachment":[{"href":"https:\/\/latam-academy.com\/tienda\/wp-json\/wp\/v2\/media?parent=6568"}],"wp:term":[{"taxonomy":"product_brand","embeddable":true,"href":"https:\/\/latam-academy.com\/tienda\/wp-json\/wp\/v2\/product_brand?post=6568"},{"taxonomy":"product_cat","embeddable":true,"href":"https:\/\/latam-academy.com\/tienda\/wp-json\/wp\/v2\/product_cat?post=6568"},{"taxonomy":"product_tag","embeddable":true,"href":"https:\/\/latam-academy.com\/tienda\/wp-json\/wp\/v2\/product_tag?post=6568"}],"curies":[{"name":"wp","href":"https:\/\/api.w.org\/{rel}","templated":true}]}}