{"id":6026,"date":"2020-09-23T20:18:43","date_gmt":"2020-09-23T23:18:43","guid":{"rendered":"https:\/\/latam-academy.com\/tienda\/product\/excelava\/"},"modified":"2025-09-01T15:38:20","modified_gmt":"2025-09-01T18:38:20","slug":"excelava","status":"publish","type":"product","link":"https:\/\/latam-academy.com\/tienda\/product\/excelava\/","title":{"rendered":"Excel Avanzado"},"content":{"rendered":"","protected":false},"excerpt":{"rendered":"<p><b>Competencia a Desarrollar.<\/b><\/p>\n<ul id=\"yui_3_17_2_1_1605565165005_37\" type=\"disc\">\n<li style=\"list-style-type: none;\">\n<ul id=\"yui_3_17_2_1_1605565165005_36\" type=\"circle\">\n<li id=\"yui_3_17_2_1_1605565165005_35\">Al Finalizar La Capacitaci\u00f3n Los Participantes Ser\u00e1n Capaces De Operar Excel, De Acuerdo A Est\u00e1ndar De Usuario Avanzado.<\/li>\n<\/ul>\n<\/li>\n<\/ul>\n<p><b>Objetivos Espec\u00edficos.<\/b><\/p>\n<ul id=\"yui_3_17_2_1_1605565165005_26\" type=\"disc\">\n<li style=\"list-style-type: none;\">\n<ul type=\"circle\">\n<li>Identificar Procedimientos De C\u00e1lculos Avanzados y Funciones en Microsoft Excel.<\/li>\n<li>Reconocer las herramientas para el An\u00e1lisis de Datos en Microsoft Excel.<\/li>\n<li>Utilizar la Gesti\u00f3n de Datos en Microsoft Excel.<\/li>\n<li>Aplicar planillas de c\u00e1lculo Excel en procesos administrativos de la empresa nivel Avanzado.<\/li>\n<\/ul>\n<\/li>\n<\/ul>\n","protected":false},"featured_media":6046,"comment_status":"open","ping_status":"closed","template":"","meta":{"content-type":""},"product_brand":[],"product_cat":[15],"product_tag":[],"class_list":{"0":"post-6026","1":"product","2":"type-product","3":"status-publish","4":"has-post-thumbnail","6":"product_cat-uncategorized","8":"first","9":"instock","10":"virtual","11":"sold-individually","12":"purchasable","13":"product-type-simple"},"_links":{"self":[{"href":"https:\/\/latam-academy.com\/tienda\/wp-json\/wp\/v2\/product\/6026","targetHints":{"allow":["GET"]}}],"collection":[{"href":"https:\/\/latam-academy.com\/tienda\/wp-json\/wp\/v2\/product"}],"about":[{"href":"https:\/\/latam-academy.com\/tienda\/wp-json\/wp\/v2\/types\/product"}],"replies":[{"embeddable":true,"href":"https:\/\/latam-academy.com\/tienda\/wp-json\/wp\/v2\/comments?post=6026"}],"version-history":[{"count":4,"href":"https:\/\/latam-academy.com\/tienda\/wp-json\/wp\/v2\/product\/6026\/revisions"}],"predecessor-version":[{"id":6593,"href":"https:\/\/latam-academy.com\/tienda\/wp-json\/wp\/v2\/product\/6026\/revisions\/6593"}],"wp:featuredmedia":[{"embeddable":true,"href":"https:\/\/latam-academy.com\/tienda\/wp-json\/wp\/v2\/media\/6046"}],"wp:attachment":[{"href":"https:\/\/latam-academy.com\/tienda\/wp-json\/wp\/v2\/media?parent=6026"}],"wp:term":[{"taxonomy":"product_brand","embeddable":true,"href":"https:\/\/latam-academy.com\/tienda\/wp-json\/wp\/v2\/product_brand?post=6026"},{"taxonomy":"product_cat","embeddable":true,"href":"https:\/\/latam-academy.com\/tienda\/wp-json\/wp\/v2\/product_cat?post=6026"},{"taxonomy":"product_tag","embeddable":true,"href":"https:\/\/latam-academy.com\/tienda\/wp-json\/wp\/v2\/product_tag?post=6026"}],"curies":[{"name":"wp","href":"https:\/\/api.w.org\/{rel}","templated":true}]}}