{"id":6025,"date":"2020-09-23T20:18:43","date_gmt":"2020-09-23T23:18:43","guid":{"rendered":"https:\/\/latam-academy.com\/tienda\/product\/excelint\/"},"modified":"2026-04-09T16:24:09","modified_gmt":"2026-04-09T19:24:09","slug":"excelint","status":"publish","type":"product","link":"https:\/\/latam-academy.com\/tienda\/product\/excelint\/","title":{"rendered":"Excel Intermedio"},"content":{"rendered":"","protected":false},"excerpt":{"rendered":"<div>\n<p><strong>Competencia a Desarrollar.<\/strong><\/p>\n<\/div>\n<ul>\n<li style=\"list-style-type: none;\">\n<ul>\n<li>Al Finalizar La Capacitaci\u00f3n Los Participantes Ser\u00e1n Capaces De Operar Excel, De Acuerdo A Est\u00e1ndar De Usuario Intermedio.<\/li>\n<\/ul>\n<\/li>\n<\/ul>\n<p><strong>Objetivos Espec\u00edficos.<\/strong><\/p>\n<ul>\n<li style=\"list-style-type: none;\">\n<ul>\n<li>Identificar Procedimientos De Trabajo Con Formato De Celdas.<\/li>\n<li>Reconocer herramientas y funciones de los libros de trabajo en Microsoft Excel.<\/li>\n<li>Reconocer \u00e1reas de trabajo y herramientas de c\u00e1lculo en Microsoft Excel.<\/li>\n<li>Aplicar planillas de c\u00e1lculo Excel en procesos administrativos de la empresa.<\/li>\n<\/ul>\n<\/li>\n<\/ul>\n","protected":false},"featured_media":6038,"comment_status":"open","ping_status":"closed","template":"","meta":{"content-type":""},"product_brand":[],"product_cat":[15],"product_tag":[],"class_list":{"0":"post-6025","1":"product","2":"type-product","3":"status-publish","4":"has-post-thumbnail","6":"product_cat-uncategorized","8":"first","9":"instock","10":"virtual","11":"sold-individually","12":"purchasable","13":"product-type-simple"},"_links":{"self":[{"href":"https:\/\/latam-academy.com\/tienda\/wp-json\/wp\/v2\/product\/6025","targetHints":{"allow":["GET"]}}],"collection":[{"href":"https:\/\/latam-academy.com\/tienda\/wp-json\/wp\/v2\/product"}],"about":[{"href":"https:\/\/latam-academy.com\/tienda\/wp-json\/wp\/v2\/types\/product"}],"replies":[{"embeddable":true,"href":"https:\/\/latam-academy.com\/tienda\/wp-json\/wp\/v2\/comments?post=6025"}],"version-history":[{"count":6,"href":"https:\/\/latam-academy.com\/tienda\/wp-json\/wp\/v2\/product\/6025\/revisions"}],"predecessor-version":[{"id":6592,"href":"https:\/\/latam-academy.com\/tienda\/wp-json\/wp\/v2\/product\/6025\/revisions\/6592"}],"wp:featuredmedia":[{"embeddable":true,"href":"https:\/\/latam-academy.com\/tienda\/wp-json\/wp\/v2\/media\/6038"}],"wp:attachment":[{"href":"https:\/\/latam-academy.com\/tienda\/wp-json\/wp\/v2\/media?parent=6025"}],"wp:term":[{"taxonomy":"product_brand","embeddable":true,"href":"https:\/\/latam-academy.com\/tienda\/wp-json\/wp\/v2\/product_brand?post=6025"},{"taxonomy":"product_cat","embeddable":true,"href":"https:\/\/latam-academy.com\/tienda\/wp-json\/wp\/v2\/product_cat?post=6025"},{"taxonomy":"product_tag","embeddable":true,"href":"https:\/\/latam-academy.com\/tienda\/wp-json\/wp\/v2\/product_tag?post=6025"}],"curies":[{"name":"wp","href":"https:\/\/api.w.org\/{rel}","templated":true}]}}