{"id":6019,"date":"2020-09-23T20:18:43","date_gmt":"2020-09-23T23:18:43","guid":{"rendered":"https:\/\/latam-academy.com\/tienda\/product\/teletrabajo_1\/"},"modified":"2025-09-11T05:54:48","modified_gmt":"2025-09-11T08:54:48","slug":"teletrabajo_1","status":"publish","type":"product","link":"https:\/\/latam-academy.com\/tienda\/product\/teletrabajo_1\/","title":{"rendered":"Administraci\u00f3n Del Tiempo Para Un Teletrabajo Eficaz"},"content":{"rendered":"","protected":false},"excerpt":{"rendered":"<p>Con este curso mejorar\u00e1s tu forma de trabajar, tus resultados, las relaciones con tus compa\u00f1eros de trabajo o tu jefe y, por \u00faltimo, pero no menos importante, tu calidad de vida.<\/p>\n","protected":false},"featured_media":6176,"comment_status":"open","ping_status":"closed","template":"","meta":{"content-type":""},"product_brand":[],"product_cat":[15],"product_tag":[137,135,136,141,143,138,139,140,142],"class_list":{"0":"post-6019","1":"product","2":"type-product","3":"status-publish","4":"has-post-thumbnail","6":"product_cat-uncategorized","7":"product_tag-curso-teletrabajo","8":"product_tag-e-learning","9":"product_tag-elearning-teletrabajo","10":"product_tag-leyes-teletrabajo","11":"product_tag-tele-trabajo","12":"product_tag-teletrabajo-chile","13":"product_tag-teletrabajo-online","14":"product_tag-trabajo-desde-casa","15":"product_tag-trabajo-desde-mi-casa","17":"first","18":"instock","19":"virtual","20":"sold-individually","21":"purchasable","22":"product-type-simple"},"_links":{"self":[{"href":"https:\/\/latam-academy.com\/tienda\/wp-json\/wp\/v2\/product\/6019","targetHints":{"allow":["GET"]}}],"collection":[{"href":"https:\/\/latam-academy.com\/tienda\/wp-json\/wp\/v2\/product"}],"about":[{"href":"https:\/\/latam-academy.com\/tienda\/wp-json\/wp\/v2\/types\/product"}],"replies":[{"embeddable":true,"href":"https:\/\/latam-academy.com\/tienda\/wp-json\/wp\/v2\/comments?post=6019"}],"version-history":[{"count":9,"href":"https:\/\/latam-academy.com\/tienda\/wp-json\/wp\/v2\/product\/6019\/revisions"}],"predecessor-version":[{"id":7400,"href":"https:\/\/latam-academy.com\/tienda\/wp-json\/wp\/v2\/product\/6019\/revisions\/7400"}],"wp:featuredmedia":[{"embeddable":true,"href":"https:\/\/latam-academy.com\/tienda\/wp-json\/wp\/v2\/media\/6176"}],"wp:attachment":[{"href":"https:\/\/latam-academy.com\/tienda\/wp-json\/wp\/v2\/media?parent=6019"}],"wp:term":[{"taxonomy":"product_brand","embeddable":true,"href":"https:\/\/latam-academy.com\/tienda\/wp-json\/wp\/v2\/product_brand?post=6019"},{"taxonomy":"product_cat","embeddable":true,"href":"https:\/\/latam-academy.com\/tienda\/wp-json\/wp\/v2\/product_cat?post=6019"},{"taxonomy":"product_tag","embeddable":true,"href":"https:\/\/latam-academy.com\/tienda\/wp-json\/wp\/v2\/product_tag?post=6019"}],"curies":[{"name":"wp","href":"https:\/\/api.w.org\/{rel}","templated":true}]}}