{"id":6013,"date":"2020-09-23T20:18:43","date_gmt":"2020-09-23T23:18:43","guid":{"rendered":"https:\/\/latam-academy.com\/tienda\/product\/manejocrisis\/"},"modified":"2025-09-01T15:38:19","modified_gmt":"2025-09-01T18:38:19","slug":"manejocrisis","status":"publish","type":"product","link":"https:\/\/latam-academy.com\/tienda\/product\/manejocrisis\/","title":{"rendered":"Salud y Bienestar del Trabajador"},"content":{"rendered":"","protected":false},"excerpt":{"rendered":"<p>El estr\u00e9s laboral es aquel que se produce debido a la excesiva presi\u00f3n que tiene lugar en el entorno de trabajo. Generalmente es\u00a0<strong>consecuencia del desequilibrio entre la exigencia laboral (tambi\u00e9n propia) y la capacidad o recursos disponibles para cumplirla eficientemente<\/strong>. Aunque en ocasiones, tambi\u00e9n puede originarse por factores completamente ajenos al trabajador. Los s\u00edntomas pueden ir desde un ligero mal humor hasta graves depresiones, y casi siempre suelen ir acompa\u00f1adas de un cierto agotamiento y debilidad f\u00edsica.<\/p>\n","protected":false},"featured_media":6216,"comment_status":"open","ping_status":"closed","template":"","meta":{"content-type":""},"product_brand":[],"product_cat":[15],"product_tag":[144,145],"class_list":{"0":"post-6013","1":"product","2":"type-product","3":"status-publish","4":"has-post-thumbnail","6":"product_cat-uncategorized","7":"product_tag-estres-laboral","8":"product_tag-tecnicas-de-reduccion-del-estres-laboral","10":"first","11":"instock","12":"sale","13":"virtual","14":"sold-individually","15":"purchasable","16":"product-type-simple"},"_links":{"self":[{"href":"https:\/\/latam-academy.com\/tienda\/wp-json\/wp\/v2\/product\/6013","targetHints":{"allow":["GET"]}}],"collection":[{"href":"https:\/\/latam-academy.com\/tienda\/wp-json\/wp\/v2\/product"}],"about":[{"href":"https:\/\/latam-academy.com\/tienda\/wp-json\/wp\/v2\/types\/product"}],"replies":[{"embeddable":true,"href":"https:\/\/latam-academy.com\/tienda\/wp-json\/wp\/v2\/comments?post=6013"}],"version-history":[{"count":7,"href":"https:\/\/latam-academy.com\/tienda\/wp-json\/wp\/v2\/product\/6013\/revisions"}],"predecessor-version":[{"id":6813,"href":"https:\/\/latam-academy.com\/tienda\/wp-json\/wp\/v2\/product\/6013\/revisions\/6813"}],"wp:featuredmedia":[{"embeddable":true,"href":"https:\/\/latam-academy.com\/tienda\/wp-json\/wp\/v2\/media\/6216"}],"wp:attachment":[{"href":"https:\/\/latam-academy.com\/tienda\/wp-json\/wp\/v2\/media?parent=6013"}],"wp:term":[{"taxonomy":"product_brand","embeddable":true,"href":"https:\/\/latam-academy.com\/tienda\/wp-json\/wp\/v2\/product_brand?post=6013"},{"taxonomy":"product_cat","embeddable":true,"href":"https:\/\/latam-academy.com\/tienda\/wp-json\/wp\/v2\/product_cat?post=6013"},{"taxonomy":"product_tag","embeddable":true,"href":"https:\/\/latam-academy.com\/tienda\/wp-json\/wp\/v2\/product_tag?post=6013"}],"curies":[{"name":"wp","href":"https:\/\/api.w.org\/{rel}","templated":true}]}}