{"id":6011,"date":"2020-09-23T20:18:43","date_gmt":"2020-09-23T23:18:43","guid":{"rendered":"https:\/\/latam-academy.com\/tienda\/product\/teletrabajo\/"},"modified":"2025-09-01T15:38:19","modified_gmt":"2025-09-01T18:38:19","slug":"teletrabajo","status":"publish","type":"product","link":"https:\/\/latam-academy.com\/tienda\/product\/teletrabajo\/","title":{"rendered":"Teletrabajo para el buen Desempe\u00f1o"},"content":{"rendered":"","protected":false},"excerpt":{"rendered":"<p>El teletrabajo es una\u00a0<strong>forma de trabajo<\/strong>\u00a0a distancia, en la cual el trabajador desempe\u00f1a su actividad sin la necesidad de presentarse f\u00edsicamente en la empresa o lugar de trabajo espec\u00edfico. Esta modalidad trae beneficios tanto al empleador como al trabajador, y a la sociedad a largo plazo, cuidando el medio ambiente. Se realiza mediante la\u00a0<strong>utilizaci\u00f3n de las tecnolog\u00edas de la informaci\u00f3n y comunicaci\u00f3n (TIC)<\/strong>, y puede ser efectuado en el domicilio del trabajador o en otros lugares o establecimientos ajenos al domicilio del empleador.<\/p>\n","protected":false},"featured_media":6224,"comment_status":"open","ping_status":"closed","template":"","meta":{"content-type":""},"product_brand":[],"product_cat":[15],"product_tag":[118],"class_list":{"0":"post-6011","1":"product","2":"type-product","3":"status-publish","4":"has-post-thumbnail","6":"product_cat-uncategorized","7":"product_tag-teletrabajo","9":"first","10":"instock","11":"sale","12":"virtual","13":"sold-individually","14":"purchasable","15":"product-type-simple"},"_links":{"self":[{"href":"https:\/\/latam-academy.com\/tienda\/wp-json\/wp\/v2\/product\/6011","targetHints":{"allow":["GET"]}}],"collection":[{"href":"https:\/\/latam-academy.com\/tienda\/wp-json\/wp\/v2\/product"}],"about":[{"href":"https:\/\/latam-academy.com\/tienda\/wp-json\/wp\/v2\/types\/product"}],"replies":[{"embeddable":true,"href":"https:\/\/latam-academy.com\/tienda\/wp-json\/wp\/v2\/comments?post=6011"}],"version-history":[{"count":3,"href":"https:\/\/latam-academy.com\/tienda\/wp-json\/wp\/v2\/product\/6011\/revisions"}],"predecessor-version":[{"id":6595,"href":"https:\/\/latam-academy.com\/tienda\/wp-json\/wp\/v2\/product\/6011\/revisions\/6595"}],"wp:featuredmedia":[{"embeddable":true,"href":"https:\/\/latam-academy.com\/tienda\/wp-json\/wp\/v2\/media\/6224"}],"wp:attachment":[{"href":"https:\/\/latam-academy.com\/tienda\/wp-json\/wp\/v2\/media?parent=6011"}],"wp:term":[{"taxonomy":"product_brand","embeddable":true,"href":"https:\/\/latam-academy.com\/tienda\/wp-json\/wp\/v2\/product_brand?post=6011"},{"taxonomy":"product_cat","embeddable":true,"href":"https:\/\/latam-academy.com\/tienda\/wp-json\/wp\/v2\/product_cat?post=6011"},{"taxonomy":"product_tag","embeddable":true,"href":"https:\/\/latam-academy.com\/tienda\/wp-json\/wp\/v2\/product_tag?post=6011"}],"curies":[{"name":"wp","href":"https:\/\/api.w.org\/{rel}","templated":true}]}}